{"id":2790,"date":"2026-04-07T15:52:16","date_gmt":"2026-04-07T15:52:16","guid":{"rendered":"https:\/\/www.budoclub-velizy.com\/budo2\/?page_id=2790"},"modified":"2026-04-07T15:52:17","modified_gmt":"2026-04-07T15:52:17","slug":"reinitialisation-du-mot-de-passe","status":"publish","type":"page","link":"https:\/\/www.budoclub-velizy.com\/budo-club\/reinitialisation-du-mot-de-passe\/","title":{"rendered":"R\u00e9initialisation du mot de passe"},"content":{"rendered":"\n<div class=\"wp-block-uagb-container uagb-block-e7941089 alignfull uagb-is-root-container\"><div class=\"uagb-container-inner-blocks-wrap\">\n<div data-aos= \"fade\" data-aos-duration=\"400\" data-aos-delay=\"0\" data-aos-easing=\"ease\" data-aos-once=\"true\" class=\"wp-block-uagb-advanced-heading uagb-block-4b550b04\"><h2 class=\"uagb-heading-text\">R\u00e9initialisation du mot de passe<\/h2><\/div>\n<\/div><\/div>\n\n\n\n<div class=\"wp-block-uagb-container uagb-block-563b6dd0 alignfull uagb-is-root-container\"><div class=\"uagb-container-inner-blocks-wrap\">\n<p style=\"text-align: center;\"><div class=\"um um-password um-um_password_id\">\n\t<div class=\"um-form\">\n\t\t<form method=\"post\" action=\"\">\n\t\t\t\n\t\t\t\t<input type=\"hidden\" name=\"_um_password_reset\" id=\"_um_password_reset\" value=\"1\" \/>\n\n\t\t\t\t\t\t\t\t\t<div class=\"um-field um-field-block um-field-type_block\">\n\t\t\t\t\t\t<div class=\"um-field-block\">\n\t\t\t\t\t\t\t<div style=\"text-align:center;\">\n\t\t\t\t\t\t\t\tPour r\u00e9initialiser votre mot de passe, veuillez saisir votre adresse de messagerie ou votre identifiant ci-dessous.\t\t\t\t\t\t\t<\/div>\n\t\t\t\t\t\t<\/div>\n\t\t\t\t\t<\/div>\n\t\t\t\t\t<div  id=\"um_field_0_username_b\" class=\"um-field um-field-text  um-field-username_b um-field-text um-field-type_text\" data-key=\"username_b\"><div class=\"um-field-area\"><input  autocomplete=\"off\" class=\"um-form-field valid \" type=\"text\" name=\"username_b\" id=\"username_b\" value=\"\" placeholder=\"Saisissez votre identifiant ou votre e-mail\" data-validate=\"\" data-key=\"username_b\"  aria-invalid=\"false\" \/>\n\n\t\t\t\t\t\t<\/div><\/div>\t\t\t\t<div class=\"um-col-alt um-col-alt-b\">\n\t\t\t\t\t<div class=\"um-center\">\n\t\t\t\t\t\t<input type=\"submit\" value=\"R\u00e9initialiser le mot de passe\" class=\"um-button\" id=\"um-submit-btn\" \/>\n\t\t\t\t\t<\/div>\n\t\t\t\t\t<div class=\"um-clear\"><\/div>\n\t\t\t\t<\/div>\n\t\t\t\t\t<input type=\"hidden\" name=\"form_id\" id=\"form_id_um_password_id\" value=\"um_password_id\" \/>\n\t\t<p class=\"um_request_name\">\n\t\t<label for=\"um_request_um_password_id\">Only fill in if you are not human<\/label>\n\t\t<input type=\"hidden\" name=\"um_request\" id=\"um_request_um_password_id\" class=\"input\" value=\"\" size=\"25\" autocomplete=\"off\" \/>\n\t<\/p>\n\t\t\t<\/form>\n\t<\/div>\n<\/div>\n<style>\n\t\t\t.um-um_password_id.um {\n\t\t\tmax-width: 450px;\n\t\t}\n\t\t<\/style>\n<\/p>\n<\/div><\/div>\n","protected":false},"excerpt":{"rendered":"<p>R\u00e9initialisation du mot de passe<\/p>\n","protected":false},"author":1,"featured_media":0,"parent":0,"menu_order":0,"comment_status":"closed","ping_status":"closed","template":"","meta":{"_uag_custom_page_level_css":"","advgb_blocks_editor_width":"","advgb_blocks_columns_visual_guide":"","site-sidebar-layout":"default","site-content-layout":"page-builder","ast-site-content-layout":"full-width-container","site-content-style":"unboxed","site-sidebar-style":"unboxed","ast-global-header-display":"","ast-banner-title-visibility":"","ast-main-header-display":"","ast-hfb-above-header-display":"","ast-hfb-below-header-display":"","ast-hfb-mobile-header-display":"","site-post-title":"disabled","ast-breadcrumbs-content":"","ast-featured-img":"","footer-sml-layout":"","ast-disable-related-posts":"","theme-transparent-header-meta":"enabled","adv-header-id-meta":"","stick-header-meta":"","header-above-stick-meta":"","header-main-stick-meta":"","header-below-stick-meta":"","astra-migrate-meta-layouts":"set","ast-page-background-enabled":"default","ast-page-background-meta":{"desktop":{"background-color":"var(--ast-global-color-4)","background-image":"","background-repeat":"repeat","background-position":"center center","background-size":"auto","background-attachment":"scroll","background-type":"","background-media":"","overlay-type":"","overlay-color":"","overlay-opacity":"","overlay-gradient":""},"tablet":{"background-color":"","background-image":"","background-repeat":"repeat","background-position":"center center","background-size":"auto","background-attachment":"scroll","background-type":"","background-media":"","overlay-type":"","overlay-color":"","overlay-opacity":"","overlay-gradient":""},"mobile":{"background-color":"","background-image":"","background-repeat":"repeat","background-position":"center center","background-size":"auto","background-attachment":"scroll","background-type":"","background-media":"","overlay-type":"","overlay-color":"","overlay-opacity":"","overlay-gradient":""}},"ast-content-background-meta":{"desktop":{"background-color":"var(--ast-global-color-5)","background-image":"","background-repeat":"repeat","background-position":"center center","background-size":"auto","background-attachment":"scroll","background-type":"","background-media":"","overlay-type":"","overlay-color":"","overlay-opacity":"","overlay-gradient":""},"tablet":{"background-color":"var(--ast-global-color-5)","background-image":"","background-repeat":"repeat","background-position":"center center","background-size":"auto","background-attachment":"scroll","background-type":"","background-media":"","overlay-type":"","overlay-color":"","overlay-opacity":"","overlay-gradient":""},"mobile":{"background-color":"var(--ast-global-color-5)","background-image":"","background-repeat":"repeat","background-position":"center center","background-size":"auto","background-attachment":"scroll","background-type":"","background-media":"","overlay-type":"","overlay-color":"","overlay-opacity":"","overlay-gradient":""}},"footnotes":""},"class_list":["post-2790","page","type-page","status-publish","hentry"],"yoast_head":"<!-- This site is optimized with the Yoast SEO plugin v27.3 - https:\/\/yoast.com\/product\/yoast-seo-wordpress\/ -->\n<title>R\u00e9initialisation du mot de passe - Budo-club V\u00e9lizy-Villacoublay<\/title>\n<meta name=\"robots\" content=\"index, follow, max-snippet:-1, max-image-preview:large, max-video-preview:-1\" \/>\n<link rel=\"canonical\" href=\"https:\/\/www.budoclub-velizy.com\/budo-club\/reinitialisation-du-mot-de-passe\/\" \/>\n<meta property=\"og:locale\" content=\"fr_FR\" \/>\n<meta property=\"og:type\" content=\"article\" \/>\n<meta property=\"og:title\" content=\"R\u00e9initialisation du mot de passe - Budo-club V\u00e9lizy-Villacoublay\" \/>\n<meta property=\"og:description\" content=\"R\u00e9initialisation du mot de passe\" \/>\n<meta property=\"og:url\" content=\"https:\/\/www.budoclub-velizy.com\/budo-club\/reinitialisation-du-mot-de-passe\/\" \/>\n<meta property=\"og:site_name\" content=\"Budo-club V\u00e9lizy-Villacoublay\" \/>\n<meta property=\"article:modified_time\" content=\"2026-04-07T15:52:17+00:00\" \/>\n<meta name=\"twitter:card\" content=\"summary_large_image\" \/>\n<meta name=\"twitter:label1\" content=\"Dur\u00e9e de lecture estim\u00e9e\" \/>\n\t<meta name=\"twitter:data1\" content=\"1 minute\" \/>\n<script type=\"application\/ld+json\" class=\"yoast-schema-graph\">{\"@context\":\"https:\\\/\\\/schema.org\",\"@graph\":[{\"@type\":\"WebPage\",\"@id\":\"https:\\\/\\\/www.budoclub-velizy.com\\\/budo-club\\\/reinitialisation-du-mot-de-passe\\\/\",\"url\":\"https:\\\/\\\/www.budoclub-velizy.com\\\/budo-club\\\/reinitialisation-du-mot-de-passe\\\/\",\"name\":\"R\u00e9initialisation du mot de passe - Budo-club V\u00e9lizy-Villacoublay\",\"isPartOf\":{\"@id\":\"https:\\\/\\\/www.budoclub-velizy.com\\\/budo-club\\\/#website\"},\"datePublished\":\"2026-04-07T15:52:16+00:00\",\"dateModified\":\"2026-04-07T15:52:17+00:00\",\"breadcrumb\":{\"@id\":\"https:\\\/\\\/www.budoclub-velizy.com\\\/budo-club\\\/reinitialisation-du-mot-de-passe\\\/#breadcrumb\"},\"inLanguage\":\"fr-FR\",\"potentialAction\":[{\"@type\":\"ReadAction\",\"target\":[\"https:\\\/\\\/www.budoclub-velizy.com\\\/budo-club\\\/reinitialisation-du-mot-de-passe\\\/\"]}]},{\"@type\":\"BreadcrumbList\",\"@id\":\"https:\\\/\\\/www.budoclub-velizy.com\\\/budo-club\\\/reinitialisation-du-mot-de-passe\\\/#breadcrumb\",\"itemListElement\":[{\"@type\":\"ListItem\",\"position\":1,\"name\":\"Accueil\",\"item\":\"https:\\\/\\\/www.budoclub-velizy.com\\\/budo-club\\\/\"},{\"@type\":\"ListItem\",\"position\":2,\"name\":\"R\u00e9initialisation du mot de passe\"}]},{\"@type\":\"WebSite\",\"@id\":\"https:\\\/\\\/www.budoclub-velizy.com\\\/budo-club\\\/#website\",\"url\":\"https:\\\/\\\/www.budoclub-velizy.com\\\/budo-club\\\/\",\"name\":\"Budo-club V\u00e9lizy-Villacoublay\",\"description\":\"\",\"potentialAction\":[{\"@type\":\"SearchAction\",\"target\":{\"@type\":\"EntryPoint\",\"urlTemplate\":\"https:\\\/\\\/www.budoclub-velizy.com\\\/budo-club\\\/?s={search_term_string}\"},\"query-input\":{\"@type\":\"PropertyValueSpecification\",\"valueRequired\":true,\"valueName\":\"search_term_string\"}}],\"inLanguage\":\"fr-FR\"}]}<\/script>\n<!-- \/ Yoast SEO plugin. -->","yoast_head_json":{"title":"R\u00e9initialisation du mot de passe - Budo-club V\u00e9lizy-Villacoublay","robots":{"index":"index","follow":"follow","max-snippet":"max-snippet:-1","max-image-preview":"max-image-preview:large","max-video-preview":"max-video-preview:-1"},"canonical":"https:\/\/www.budoclub-velizy.com\/budo-club\/reinitialisation-du-mot-de-passe\/","og_locale":"fr_FR","og_type":"article","og_title":"R\u00e9initialisation du mot de passe - Budo-club V\u00e9lizy-Villacoublay","og_description":"R\u00e9initialisation du mot de passe","og_url":"https:\/\/www.budoclub-velizy.com\/budo-club\/reinitialisation-du-mot-de-passe\/","og_site_name":"Budo-club V\u00e9lizy-Villacoublay","article_modified_time":"2026-04-07T15:52:17+00:00","twitter_card":"summary_large_image","twitter_misc":{"Dur\u00e9e de lecture estim\u00e9e":"1 minute"},"schema":{"@context":"https:\/\/schema.org","@graph":[{"@type":"WebPage","@id":"https:\/\/www.budoclub-velizy.com\/budo-club\/reinitialisation-du-mot-de-passe\/","url":"https:\/\/www.budoclub-velizy.com\/budo-club\/reinitialisation-du-mot-de-passe\/","name":"R\u00e9initialisation du mot de passe - Budo-club V\u00e9lizy-Villacoublay","isPartOf":{"@id":"https:\/\/www.budoclub-velizy.com\/budo-club\/#website"},"datePublished":"2026-04-07T15:52:16+00:00","dateModified":"2026-04-07T15:52:17+00:00","breadcrumb":{"@id":"https:\/\/www.budoclub-velizy.com\/budo-club\/reinitialisation-du-mot-de-passe\/#breadcrumb"},"inLanguage":"fr-FR","potentialAction":[{"@type":"ReadAction","target":["https:\/\/www.budoclub-velizy.com\/budo-club\/reinitialisation-du-mot-de-passe\/"]}]},{"@type":"BreadcrumbList","@id":"https:\/\/www.budoclub-velizy.com\/budo-club\/reinitialisation-du-mot-de-passe\/#breadcrumb","itemListElement":[{"@type":"ListItem","position":1,"name":"Accueil","item":"https:\/\/www.budoclub-velizy.com\/budo-club\/"},{"@type":"ListItem","position":2,"name":"R\u00e9initialisation du mot de passe"}]},{"@type":"WebSite","@id":"https:\/\/www.budoclub-velizy.com\/budo-club\/#website","url":"https:\/\/www.budoclub-velizy.com\/budo-club\/","name":"Budo-club V\u00e9lizy-Villacoublay","description":"","potentialAction":[{"@type":"SearchAction","target":{"@type":"EntryPoint","urlTemplate":"https:\/\/www.budoclub-velizy.com\/budo-club\/?s={search_term_string}"},"query-input":{"@type":"PropertyValueSpecification","valueRequired":true,"valueName":"search_term_string"}}],"inLanguage":"fr-FR"}]}},"uagb_featured_image_src":{"full":false,"thumbnail":false,"medium":false,"medium_large":false,"large":false,"1536x1536":false,"2048x2048":false},"uagb_author_info":{"display_name":"Budo","author_link":"https:\/\/www.budoclub-velizy.com\/budo-club\/author\/budo\/"},"uagb_comment_info":0,"uagb_excerpt":"R\u00e9initialisation du mot de passe","coauthors":[],"author_meta":{"author_link":"https:\/\/www.budoclub-velizy.com\/budo-club\/author\/budo\/","display_name":"Budo"},"relative_dates":{"created":"Publi\u00e9 1 mois il y a","modified":"Mis \u00e0 jour 1 mois il y a"},"absolute_dates":{"created":"Publi\u00e9 le 7 avril 2026","modified":"Mise \u00e0 jour le 7 avril 2026"},"absolute_dates_time":{"created":"Publi\u00e9 le 7 avril 2026 15:52","modified":"Mise \u00e0 jour le 7 avril 2026 15:52"},"featured_img_caption":"","featured_img":false,"series_order":"","_links":{"self":[{"href":"https:\/\/www.budoclub-velizy.com\/budo-club\/wp-json\/wp\/v2\/pages\/2790","targetHints":{"allow":["GET"]}}],"collection":[{"href":"https:\/\/www.budoclub-velizy.com\/budo-club\/wp-json\/wp\/v2\/pages"}],"about":[{"href":"https:\/\/www.budoclub-velizy.com\/budo-club\/wp-json\/wp\/v2\/types\/page"}],"author":[{"embeddable":true,"href":"https:\/\/www.budoclub-velizy.com\/budo-club\/wp-json\/wp\/v2\/users\/1"}],"replies":[{"embeddable":true,"href":"https:\/\/www.budoclub-velizy.com\/budo-club\/wp-json\/wp\/v2\/comments?post=2790"}],"version-history":[{"count":1,"href":"https:\/\/www.budoclub-velizy.com\/budo-club\/wp-json\/wp\/v2\/pages\/2790\/revisions"}],"predecessor-version":[{"id":2792,"href":"https:\/\/www.budoclub-velizy.com\/budo-club\/wp-json\/wp\/v2\/pages\/2790\/revisions\/2792"}],"wp:attachment":[{"href":"https:\/\/www.budoclub-velizy.com\/budo-club\/wp-json\/wp\/v2\/media?parent=2790"}],"curies":[{"name":"wp","href":"https:\/\/api.w.org\/{rel}","templated":true}]}}