{"id":2767,"date":"2026-04-06T20:31:23","date_gmt":"2026-04-06T20:31:23","guid":{"rendered":"https:\/\/www.budoclub-velizy.com\/budo2\/?page_id=2767"},"modified":"2026-04-06T20:32:17","modified_gmt":"2026-04-06T20:32:17","slug":"connexion","status":"publish","type":"page","link":"https:\/\/www.budoclub-velizy.com\/budo-club\/connexion\/","title":{"rendered":"Connexion"},"content":{"rendered":"\n<div class=\"wp-block-uagb-container uagb-block-e7941089 alignfull uagb-is-root-container\"><div class=\"uagb-container-inner-blocks-wrap\">\n<div data-aos= \"fade\" data-aos-duration=\"400\" data-aos-delay=\"0\" data-aos-easing=\"ease\" data-aos-once=\"true\" class=\"wp-block-uagb-advanced-heading uagb-block-4b550b04\"><h2 class=\"uagb-heading-text\">Connexion<\/h2><\/div>\n<\/div><\/div>\n\n\n\n<div class=\"wp-block-uagb-container uagb-block-563b6dd0 alignfull uagb-is-root-container\"><div class=\"uagb-container-inner-blocks-wrap\">\n<p style=\"text-align: center;\">\n<div class=\"um um-login um-2719\">\n\t<div class=\"um-form\">\n\t\t<form method=\"post\" action=\"\" autocomplete=\"off\">\n\t\t\t<div class=\"um-row _um_row_1 \" style=\"margin: 0 0 30px 0;\"><div class=\"um-col-1\"><div  id=\"um_field_2719_username\" class=\"um-field um-field-text  um-field-username um-field-text um-field-type_text\" data-key=\"username\"><div class=\"um-field-label\"><label for=\"username-2719\">Identifiant ou e-mail<\/label><div class=\"um-clear\"><\/div><\/div><div class=\"um-field-area\"><input  autocomplete=\"off\" class=\"um-form-field valid \" type=\"text\" name=\"username-2719\" id=\"username-2719\" value=\"\" placeholder=\"\" data-validate=\"unique_username_or_email\" data-key=\"username\"  aria-invalid=\"false\" \/>\n\n\t\t\t\t\t\t<\/div><\/div><div  id=\"um_field_2719_user_password\" class=\"um-field um-field-password  um-field-user_password um-field-password um-field-type_password\" data-key=\"user_password\"><div class=\"um-field-label\"><label for=\"user_password-2719\">Mot de passe<\/label><div class=\"um-clear\"><\/div><\/div><div class=\"um-field-area\"><div class=\"um-field-area-password\">\n\t\t\t\t\t\t\t\t\t<input class=\"um-form-field valid \" type=\"password\" name=\"user_password-2719\" id=\"user_password-2719\" value=\"\" placeholder=\"\" data-validate=\"\" data-key=\"user_password\"  aria-invalid=\"false\" \/>\n\t\t\t\t\t\t\t\t\t<span class=\"um-toggle-password\"><i class=\"um-icon-eye\"><\/i><\/span>\n\t\t\t\t\t\t\t\t<\/div>\n\t\t\t\t\t\t\t<\/div><\/div><\/div><\/div>\t<input type=\"hidden\" name=\"form_id\" id=\"form_id_2719\" value=\"2719\" \/>\n\t\t<p class=\"um_request_name\">\n\t\t<label for=\"um_request_2719\">Only fill in if you are not human<\/label>\n\t\t<input type=\"hidden\" name=\"um_request\" id=\"um_request_2719\" class=\"input\" value=\"\" size=\"25\" autocomplete=\"off\" \/>\n\t<\/p>\n\t<input type=\"hidden\" id=\"_wpnonce\" name=\"_wpnonce\" value=\"37a3edef4b\" \/><input type=\"hidden\" name=\"_wp_http_referer\" value=\"\/budo-club\/wp-json\/wp\/v2\/pages\/2767\" \/>\n\t<div class=\"um-col-alt\">\n\n\t\t\n\n\t\t\t<div class=\"um-field um-field-c\">\n\t\t\t\t<div class=\"um-field-area\">\n\t\t\t\t\t<label class=\"um-field-checkbox\">\n\t\t\t\t\t\t<input type=\"checkbox\" name=\"rememberme\" value=\"1\"  \/>\n\t\t\t\t\t\t<span class=\"um-field-checkbox-state\"><i class=\"um-icon-android-checkbox-outline-blank\"><\/i><\/span>\n\t\t\t\t\t\t<span class=\"um-field-checkbox-option\"> Se souvenir de moi<\/span>\n\t\t\t\t\t<\/label>\n\t\t\t\t<\/div>\n\t\t\t<\/div>\n\n\t\t\t\t\t\t<div class=\"um-clear\"><\/div>\n\t\t\n\t\t\t<div class=\"um-center\">\n\t\t\t\t<input type=\"submit\" value=\"Connexion\" class=\"um-button\" id=\"um-submit-btn\" \/>\n\t\t\t<\/div>\n\n\t\t\n\t\t<div class=\"um-clear\"><\/div>\n\n\t<\/div>\n\n\t\n\t<div class=\"um-col-alt-b\">\n\t\t<a href=\"https:\/\/www.budoclub-velizy.com\/budo-club\/reinitialisation-du-mot-de-passe\/\" class=\"um-link-alt\">\n\t\t\tMot de passe oubli\u00e9\u00a0?\t\t<\/a>\n\t<\/div>\n\n\t\t\t<\/form>\n\t<\/div>\n<\/div>\n<style>\n\t\t\t.um-2719.um {\n\t\t\tmax-width: 450px;\n\t\t}\n\t\t<\/style>\n<\/p>\n<\/div><\/div>\n","protected":false},"excerpt":{"rendered":"<p>Connexion<\/p>\n","protected":false},"author":1,"featured_media":0,"parent":0,"menu_order":0,"comment_status":"closed","ping_status":"closed","template":"","meta":{"_uag_custom_page_level_css":"","advgb_blocks_editor_width":"","advgb_blocks_columns_visual_guide":"","site-sidebar-layout":"default","site-content-layout":"page-builder","ast-site-content-layout":"full-width-container","site-content-style":"unboxed","site-sidebar-style":"unboxed","ast-global-header-display":"","ast-banner-title-visibility":"","ast-main-header-display":"","ast-hfb-above-header-display":"","ast-hfb-below-header-display":"","ast-hfb-mobile-header-display":"","site-post-title":"disabled","ast-breadcrumbs-content":"","ast-featured-img":"","footer-sml-layout":"","ast-disable-related-posts":"","theme-transparent-header-meta":"enabled","adv-header-id-meta":"","stick-header-meta":"","header-above-stick-meta":"","header-main-stick-meta":"","header-below-stick-meta":"","astra-migrate-meta-layouts":"set","ast-page-background-enabled":"default","ast-page-background-meta":{"desktop":{"background-color":"var(--ast-global-color-4)","background-image":"","background-repeat":"repeat","background-position":"center center","background-size":"auto","background-attachment":"scroll","background-type":"","background-media":"","overlay-type":"","overlay-color":"","overlay-opacity":"","overlay-gradient":""},"tablet":{"background-color":"","background-image":"","background-repeat":"repeat","background-position":"center center","background-size":"auto","background-attachment":"scroll","background-type":"","background-media":"","overlay-type":"","overlay-color":"","overlay-opacity":"","overlay-gradient":""},"mobile":{"background-color":"","background-image":"","background-repeat":"repeat","background-position":"center center","background-size":"auto","background-attachment":"scroll","background-type":"","background-media":"","overlay-type":"","overlay-color":"","overlay-opacity":"","overlay-gradient":""}},"ast-content-background-meta":{"desktop":{"background-color":"var(--ast-global-color-5)","background-image":"","background-repeat":"repeat","background-position":"center center","background-size":"auto","background-attachment":"scroll","background-type":"","background-media":"","overlay-type":"","overlay-color":"","overlay-opacity":"","overlay-gradient":""},"tablet":{"background-color":"var(--ast-global-color-5)","background-image":"","background-repeat":"repeat","background-position":"center center","background-size":"auto","background-attachment":"scroll","background-type":"","background-media":"","overlay-type":"","overlay-color":"","overlay-opacity":"","overlay-gradient":""},"mobile":{"background-color":"var(--ast-global-color-5)","background-image":"","background-repeat":"repeat","background-position":"center center","background-size":"auto","background-attachment":"scroll","background-type":"","background-media":"","overlay-type":"","overlay-color":"","overlay-opacity":"","overlay-gradient":""}},"footnotes":""},"class_list":["post-2767","page","type-page","status-publish","hentry"],"yoast_head":"<!-- This site is optimized with the Yoast SEO plugin v27.3 - https:\/\/yoast.com\/product\/yoast-seo-wordpress\/ -->\n<title>Connexion - Budo-club V\u00e9lizy-Villacoublay<\/title>\n<meta name=\"robots\" content=\"index, follow, max-snippet:-1, max-image-preview:large, max-video-preview:-1\" \/>\n<link rel=\"canonical\" href=\"https:\/\/www.budoclub-velizy.com\/budo-club\/connexion\/\" \/>\n<meta property=\"og:locale\" content=\"fr_FR\" \/>\n<meta property=\"og:type\" content=\"article\" \/>\n<meta property=\"og:title\" content=\"Connexion - Budo-club V\u00e9lizy-Villacoublay\" \/>\n<meta property=\"og:description\" content=\"Connexion\" \/>\n<meta property=\"og:url\" content=\"https:\/\/www.budoclub-velizy.com\/budo-club\/connexion\/\" \/>\n<meta property=\"og:site_name\" content=\"Budo-club V\u00e9lizy-Villacoublay\" \/>\n<meta property=\"article:modified_time\" content=\"2026-04-06T20:32:17+00:00\" \/>\n<meta name=\"twitter:card\" content=\"summary_large_image\" \/>\n<meta name=\"twitter:label1\" content=\"Dur\u00e9e de lecture estim\u00e9e\" \/>\n\t<meta name=\"twitter:data1\" content=\"1 minute\" \/>\n<script type=\"application\/ld+json\" class=\"yoast-schema-graph\">{\"@context\":\"https:\\\/\\\/schema.org\",\"@graph\":[{\"@type\":\"WebPage\",\"@id\":\"https:\\\/\\\/www.budoclub-velizy.com\\\/budo-club\\\/connexion\\\/\",\"url\":\"https:\\\/\\\/www.budoclub-velizy.com\\\/budo-club\\\/connexion\\\/\",\"name\":\"Connexion - Budo-club V\u00e9lizy-Villacoublay\",\"isPartOf\":{\"@id\":\"https:\\\/\\\/www.budoclub-velizy.com\\\/budo-club\\\/#website\"},\"datePublished\":\"2026-04-06T20:31:23+00:00\",\"dateModified\":\"2026-04-06T20:32:17+00:00\",\"breadcrumb\":{\"@id\":\"https:\\\/\\\/www.budoclub-velizy.com\\\/budo-club\\\/connexion\\\/#breadcrumb\"},\"inLanguage\":\"fr-FR\",\"potentialAction\":[{\"@type\":\"ReadAction\",\"target\":[\"https:\\\/\\\/www.budoclub-velizy.com\\\/budo-club\\\/connexion\\\/\"]}]},{\"@type\":\"BreadcrumbList\",\"@id\":\"https:\\\/\\\/www.budoclub-velizy.com\\\/budo-club\\\/connexion\\\/#breadcrumb\",\"itemListElement\":[{\"@type\":\"ListItem\",\"position\":1,\"name\":\"Accueil\",\"item\":\"https:\\\/\\\/www.budoclub-velizy.com\\\/budo-club\\\/\"},{\"@type\":\"ListItem\",\"position\":2,\"name\":\"Connexion\"}]},{\"@type\":\"WebSite\",\"@id\":\"https:\\\/\\\/www.budoclub-velizy.com\\\/budo-club\\\/#website\",\"url\":\"https:\\\/\\\/www.budoclub-velizy.com\\\/budo-club\\\/\",\"name\":\"Budo-club V\u00e9lizy-Villacoublay\",\"description\":\"\",\"potentialAction\":[{\"@type\":\"SearchAction\",\"target\":{\"@type\":\"EntryPoint\",\"urlTemplate\":\"https:\\\/\\\/www.budoclub-velizy.com\\\/budo-club\\\/?s={search_term_string}\"},\"query-input\":{\"@type\":\"PropertyValueSpecification\",\"valueRequired\":true,\"valueName\":\"search_term_string\"}}],\"inLanguage\":\"fr-FR\"}]}<\/script>\n<!-- \/ Yoast SEO plugin. -->","yoast_head_json":{"title":"Connexion - Budo-club V\u00e9lizy-Villacoublay","robots":{"index":"index","follow":"follow","max-snippet":"max-snippet:-1","max-image-preview":"max-image-preview:large","max-video-preview":"max-video-preview:-1"},"canonical":"https:\/\/www.budoclub-velizy.com\/budo-club\/connexion\/","og_locale":"fr_FR","og_type":"article","og_title":"Connexion - Budo-club V\u00e9lizy-Villacoublay","og_description":"Connexion","og_url":"https:\/\/www.budoclub-velizy.com\/budo-club\/connexion\/","og_site_name":"Budo-club V\u00e9lizy-Villacoublay","article_modified_time":"2026-04-06T20:32:17+00:00","twitter_card":"summary_large_image","twitter_misc":{"Dur\u00e9e de lecture estim\u00e9e":"1 minute"},"schema":{"@context":"https:\/\/schema.org","@graph":[{"@type":"WebPage","@id":"https:\/\/www.budoclub-velizy.com\/budo-club\/connexion\/","url":"https:\/\/www.budoclub-velizy.com\/budo-club\/connexion\/","name":"Connexion - Budo-club V\u00e9lizy-Villacoublay","isPartOf":{"@id":"https:\/\/www.budoclub-velizy.com\/budo-club\/#website"},"datePublished":"2026-04-06T20:31:23+00:00","dateModified":"2026-04-06T20:32:17+00:00","breadcrumb":{"@id":"https:\/\/www.budoclub-velizy.com\/budo-club\/connexion\/#breadcrumb"},"inLanguage":"fr-FR","potentialAction":[{"@type":"ReadAction","target":["https:\/\/www.budoclub-velizy.com\/budo-club\/connexion\/"]}]},{"@type":"BreadcrumbList","@id":"https:\/\/www.budoclub-velizy.com\/budo-club\/connexion\/#breadcrumb","itemListElement":[{"@type":"ListItem","position":1,"name":"Accueil","item":"https:\/\/www.budoclub-velizy.com\/budo-club\/"},{"@type":"ListItem","position":2,"name":"Connexion"}]},{"@type":"WebSite","@id":"https:\/\/www.budoclub-velizy.com\/budo-club\/#website","url":"https:\/\/www.budoclub-velizy.com\/budo-club\/","name":"Budo-club V\u00e9lizy-Villacoublay","description":"","potentialAction":[{"@type":"SearchAction","target":{"@type":"EntryPoint","urlTemplate":"https:\/\/www.budoclub-velizy.com\/budo-club\/?s={search_term_string}"},"query-input":{"@type":"PropertyValueSpecification","valueRequired":true,"valueName":"search_term_string"}}],"inLanguage":"fr-FR"}]}},"uagb_featured_image_src":{"full":false,"thumbnail":false,"medium":false,"medium_large":false,"large":false,"1536x1536":false,"2048x2048":false},"uagb_author_info":{"display_name":"Budo","author_link":"https:\/\/www.budoclub-velizy.com\/budo-club\/author\/budo\/"},"uagb_comment_info":0,"uagb_excerpt":"Connexion","coauthors":[],"author_meta":{"author_link":"https:\/\/www.budoclub-velizy.com\/budo-club\/author\/budo\/","display_name":"Budo"},"relative_dates":{"created":"Publi\u00e9 1 mois il y a","modified":"Mis \u00e0 jour 1 mois il y a"},"absolute_dates":{"created":"Publi\u00e9 le 6 avril 2026","modified":"Mise \u00e0 jour le 6 avril 2026"},"absolute_dates_time":{"created":"Publi\u00e9 le 6 avril 2026 20:31","modified":"Mise \u00e0 jour le 6 avril 2026 20:32"},"featured_img_caption":"","featured_img":false,"series_order":"","_links":{"self":[{"href":"https:\/\/www.budoclub-velizy.com\/budo-club\/wp-json\/wp\/v2\/pages\/2767","targetHints":{"allow":["GET"]}}],"collection":[{"href":"https:\/\/www.budoclub-velizy.com\/budo-club\/wp-json\/wp\/v2\/pages"}],"about":[{"href":"https:\/\/www.budoclub-velizy.com\/budo-club\/wp-json\/wp\/v2\/types\/page"}],"author":[{"embeddable":true,"href":"https:\/\/www.budoclub-velizy.com\/budo-club\/wp-json\/wp\/v2\/users\/1"}],"replies":[{"embeddable":true,"href":"https:\/\/www.budoclub-velizy.com\/budo-club\/wp-json\/wp\/v2\/comments?post=2767"}],"version-history":[{"count":3,"href":"https:\/\/www.budoclub-velizy.com\/budo-club\/wp-json\/wp\/v2\/pages\/2767\/revisions"}],"predecessor-version":[{"id":2772,"href":"https:\/\/www.budoclub-velizy.com\/budo-club\/wp-json\/wp\/v2\/pages\/2767\/revisions\/2772"}],"wp:attachment":[{"href":"https:\/\/www.budoclub-velizy.com\/budo-club\/wp-json\/wp\/v2\/media?parent=2767"}],"curies":[{"name":"wp","href":"https:\/\/api.w.org\/{rel}","templated":true}]}}