{"id":2702,"date":"2026-04-06T17:01:42","date_gmt":"2026-04-06T17:01:42","guid":{"rendered":"https:\/\/www.budoclub-velizy.com\/budo2\/?page_id=2702"},"modified":"2026-04-06T17:21:20","modified_gmt":"2026-04-06T17:21:20","slug":"les-bons-plans-jeunes","status":"publish","type":"page","link":"https:\/\/www.budoclub-velizy.com\/budo-club\/les-bons-plans-jeunes\/","title":{"rendered":"Les bons plans jeunes"},"content":{"rendered":"\n<div class=\"wp-block-uagb-container uagb-block-e7941089 alignfull uagb-is-root-container\"><div class=\"uagb-container-inner-blocks-wrap\">\n<div data-aos= \"fade\" data-aos-duration=\"400\" data-aos-delay=\"0\" data-aos-easing=\"ease\" data-aos-once=\"true\" class=\"wp-block-uagb-advanced-heading uagb-block-4b550b04\"><h2 class=\"uagb-heading-text\">Les bons plans jeunes<\/h2><p class=\"uagb-desc-text\">Parce que pratiquer une activit\u00e9 sportive ne devrait jamais \u00eatre une question de budgeT<\/p><\/div>\n<\/div><\/div>\n\n\n\n<div class=\"wp-block-uagb-container uagb-block-f903d0c4 alignfull uagb-is-root-container\"><div class=\"uagb-container-inner-blocks-wrap\">\n<div class=\"wp-block-uagb-info-box uagb-block-5618e542 uagb-infobox__content-wrap  uagb-infobox-icon-above-title uagb-infobox-image-valign-top\"><div class=\"uagb-ifb-content\"><div class=\"uagb-ifb-title-wrap\"><h2 class=\"uagb-ifb-title\">Une pratique accessible \u00e0 tous<\/h2><\/div><p class=\"uagb-ifb-desc\">Le Budo Club de V\u00e9lizy-Villacoublay vous accompagne pour profiter des dispositifs d\u2019aide existants.<br>Selon votre situation, vous pouvez b\u00e9n\u00e9ficier d\u2019un soutien financier pour faciliter votre inscription.<br><br>\ud83d\udc49 Certaines peuvent m\u00eame \u00eatre cumul\u00e9es.<\/p><\/div><\/div>\n<\/div><\/div>\n\n\n\n<div class=\"wp-block-uagb-container uagb-block-0d5feb5f alignfull uagb-is-root-container\"><div class=\"uagb-container-inner-blocks-wrap\">\n<div class=\"wp-block-uagb-container uagb-block-58c193e9\">\n<div class=\"wp-block-uagb-info-box uagb-block-32d90fb7 uagb-infobox__content-wrap  uagb-infobox-icon-above-title uagb-infobox-image-valign-top\"><div class=\"uagb-ifb-content\"><div class=\"uagb-ifb-title-wrap\"><h3 class=\"uagb-ifb-title\">Pass\u2019Sport<\/h3><\/div><p class=\"uagb-ifb-desc\">Aide nationale pour les jeunes permettant de r\u00e9duire le co\u00fbt de l\u2019inscription sportive<\/p><div class=\"uagb-ifb-button-wrapper wp-block-button\"><a href=\"https:\/\/www.pass.sports.gouv.fr\/\" class=\"uagb-infobox-cta-link ast-outline-button\" target=\"_blank\" rel=\"noopener noreferrer\" style=\"border-width:revert-layer\" onclick=\"return true;\"><span class=\"uagb-inline-editing\">Voir le site<\/span><\/a><\/div><\/div><\/div>\n<\/div>\n\n\n\n<div class=\"wp-block-uagb-container uagb-block-e181b0c6\">\n<div class=\"wp-block-uagb-info-box uagb-block-62c50eec uagb-infobox__content-wrap  uagb-infobox-icon-above-title uagb-infobox-image-valign-top\"><div class=\"uagb-ifb-content\"><div class=\"uagb-ifb-title-wrap\"><h3 class=\"uagb-ifb-title\">Pass+<\/h3><\/div><p class=\"uagb-ifb-desc\">Dispositif d\u00e9partemental pour financer des activit\u00e9s sportives et culturelles<\/p><div class=\"uagb-ifb-button-wrapper wp-block-button\"><a href=\"https:\/\/www.passplus.fr\/Beneficiaire\/LandingPage.aspx?ReturnUrl=%2fBeneficiaire%2findex.html\" class=\"uagb-infobox-cta-link ast-outline-button\" target=\"_self\" rel=\"noopener noreferrer\" style=\"border-width:revert-layer\" onclick=\"return true;\"><span class=\"uagb-inline-editing\">VOIR LE SITE<\/span><\/a><\/div><\/div><\/div>\n<\/div>\n\n\n\n<div class=\"wp-block-uagb-container uagb-block-b108af19\">\n<div class=\"wp-block-uagb-info-box uagb-block-cf2e5c7a uagb-infobox__content-wrap  uagb-infobox-icon-above-title uagb-infobox-image-valign-top\"><div class=\"uagb-ifb-content\"><div class=\"uagb-ifb-title-wrap\"><h3 class=\"uagb-ifb-title\"><strong>Le coupon associatif<\/strong> <\/h3><\/div><p class=\"uagb-ifb-desc\">Des aides locales peuvent compl\u00e9ter votre inscription selon votre situation<\/p><div class=\"uagb-ifb-button-wrapper wp-block-button\"><a href=\"https:\/\/www.velizy-villacoublay.fr\/page\/le-coupon-associatif\" class=\"uagb-infobox-cta-link ast-outline-button\" target=\"_blank\" rel=\"noopener noreferrer\" style=\"border-width:revert-layer\" onclick=\"return true;\"><span class=\"uagb-inline-editing\">Voir le site<\/span><\/a><\/div><\/div><\/div>\n<\/div>\n\n\n\n<div class=\"wp-block-uagb-container uagb-block-54f58398\">\n<div class=\"wp-block-uagb-info-box uagb-block-b8cd2ff3 uagb-infobox__content-wrap  uagb-infobox-icon-above-title uagb-infobox-image-valign-top\"><div class=\"uagb-ifb-content\"><div class=\"uagb-ifb-title-wrap\"><h3 class=\"uagb-ifb-title\">LABAZ<\/h3><\/div><p class=\"uagb-ifb-desc\">L&#8217;appli bons plans <br>de la R\u00e9gion pour les 15-25 ans<\/p><div class=\"uagb-ifb-button-wrapper wp-block-button\"><a href=\"https:\/\/www.iledefrance.fr\/toutes-les-actualites\/labaz-lappli-bons-plans-de-la-region-pour-les-15-25-ans\" class=\"uagb-infobox-cta-link ast-outline-button\" target=\"_blank\" rel=\"noopener noreferrer\" style=\"border-width:revert-layer\" onclick=\"return true;\"><span class=\"uagb-inline-editing\">Voir le site<\/span><\/a><\/div><\/div><\/div>\n<\/div>\n<\/div><\/div>\n\n\n\n<div data-aos= \"fade\" data-aos-duration=\"400\" data-aos-delay=\"0\" data-aos-easing=\"ease\" data-aos-once=\"true\" class=\"wp-block-uagb-container uagb-block-66cad508 alignfull uagb-is-root-container\"><div class=\"uagb-container-inner-blocks-wrap\">\n<div class=\"wp-block-uagb-advanced-heading uagb-block-f305ace6\"><h4 class=\"uagb-heading-text\">Des aides cumulables<\/h4><\/div>\n\n\n\n<div class=\"wp-block-uagb-info-box uagb-block-8d8a2846 uagb-infobox__content-wrap  uagb-infobox-icon-above-title uagb-infobox-image-valign-top\"><div class=\"uagb-ifb-content\"><div class=\"uagb-ifb-icon-wrap\"><svg xmlns=\"https:\/\/www.w3.org\/2000\/svg\" viewBox=\"0 0 512 512\"><path d=\"M256 32C114.6 32 .0272 125.1 .0272 240c0 49.63 21.35 94.98 56.97 130.7c-12.5 50.37-54.27 95.27-54.77 95.77c-2.25 2.25-2.875 5.734-1.5 8.734C1.979 478.2 4.75 480 8 480c66.25 0 115.1-31.76 140.6-51.39C181.2 440.9 217.6 448 256 448c141.4 0 255.1-93.13 255.1-208S397.4 32 256 32z\"><\/path><\/svg><\/div><div class=\"uagb-ifb-title-wrap\"><\/div><p class=\"uagb-ifb-desc\">Dans la plupart des cas, ces aides peuvent \u00eatre combin\u00e9es.<br>\ud83d\udc49 R\u00e9sultat : une r\u00e9duction importante du tarif\u2026 voire une pratique presque gratuite.<\/p><\/div><\/div>\n<\/div><\/div>\n\n\n\n<div class=\"wp-block-uagb-container uagb-block-c0944656 alignfull uagb-is-root-container\"><div class=\"uagb-container-inner-blocks-wrap\">\n<div class=\"wp-block-uagb-advanced-heading uagb-block-5feffc33\"><h2 class=\"uagb-heading-text\">Comment en b\u00e9n\u00e9ficier ?<\/h2><\/div>\n<\/div><\/div>\n\n\n\n<div data-aos= \"fade\" data-aos-duration=\"400\" data-aos-delay=\"0\" data-aos-easing=\"ease\" data-aos-once=\"true\" class=\"wp-block-uagb-container uagb-layout-flex uagb-block-97bd7941 alignfull uagb-is-root-container\"><div class=\"uagb-container-inner-blocks-wrap\">\n<div class=\"wp-block-uagb-content-timeline uagb-timeline__outer-wrap uagb-block-30fc946d uagb-timeline__content-wrap uagb-timeline__center-block  uagb-timeline__arrow-center uagb-timeline\">\n<article class=\"wp-block-uagb-content-timeline-child uagb-timeline__field uagb-timeline-child-b3c7d24d uagb-timeline__right\"><div class=\"uagb-timeline__marker out-view-uagb-timeline__icon\"><svg xmlns=\"https:\/\/www.w3.org\/2000\/svg\" viewBox=\"0 0 320 512\"><path d=\"M310.6 246.6l-127.1 128C176.4 380.9 168.2 384 160 384s-16.38-3.125-22.63-9.375l-127.1-128C.2244 237.5-2.516 223.7 2.438 211.8S19.07 192 32 192h255.1c12.94 0 24.62 7.781 29.58 19.75S319.8 237.5 310.6 246.6z\"><\/path><\/svg><\/div><div class=\"uagb-timeline__day-new uagb-timeline__day-right uagb-timeline__events-inner-new\"><div class=\"uagb-timeline__events-inner--content\"><h4 class=\"uagb-timeline__heading\">\u00c9tape 1<\/h4><p class=\"uagb-timeline-desc-content\">V\u00e9rifiez votre \u00e9ligibilit\u00e9 aux diff\u00e9rentes aides.<\/p><div class=\"uagb-timeline__arrow\"><\/div><\/div><\/div><div class=\"uagb-timeline__date-new\"><\/div><\/article>\n\n\n\n<article class=\"wp-block-uagb-content-timeline-child uagb-timeline__field uagb-timeline-child-94b54dba uagb-timeline__left\"><div class=\"uagb-timeline__marker out-view-uagb-timeline__icon\"><svg xmlns=\"https:\/\/www.w3.org\/2000\/svg\" viewBox=\"0 0 320 512\"><path d=\"M310.6 246.6l-127.1 128C176.4 380.9 168.2 384 160 384s-16.38-3.125-22.63-9.375l-127.1-128C.2244 237.5-2.516 223.7 2.438 211.8S19.07 192 32 192h255.1c12.94 0 24.62 7.781 29.58 19.75S319.8 237.5 310.6 246.6z\"><\/path><\/svg><\/div><div class=\"uagb-timeline__day-new uagb-timeline__day-left uagb-timeline__events-inner-new\"><div class=\"uagb-timeline__events-inner--content\"><h4 class=\"uagb-timeline__heading\">\u00c9tape 2<\/h4><p class=\"uagb-timeline-desc-content\">Effectuez vos d\u00e9marches aupr\u00e8s des organismes<\/p><div class=\"uagb-timeline__arrow\"><\/div><\/div><\/div><div class=\"uagb-timeline__date-new\"><\/div><\/article>\n\n\n\n<article class=\"wp-block-uagb-content-timeline-child uagb-timeline__field uagb-timeline-child-b9911eb2 uagb-timeline__right\"><div class=\"uagb-timeline__marker out-view-uagb-timeline__icon\"><svg xmlns=\"https:\/\/www.w3.org\/2000\/svg\" viewBox=\"0 0 320 512\"><path d=\"M310.6 246.6l-127.1 128C176.4 380.9 168.2 384 160 384s-16.38-3.125-22.63-9.375l-127.1-128C.2244 237.5-2.516 223.7 2.438 211.8S19.07 192 32 192h255.1c12.94 0 24.62 7.781 29.58 19.75S319.8 237.5 310.6 246.6z\"><\/path><\/svg><\/div><div class=\"uagb-timeline__day-new uagb-timeline__day-right uagb-timeline__events-inner-new\"><div class=\"uagb-timeline__events-inner--content\"><h4 class=\"uagb-timeline__heading\">\u00c9tape 3<\/h4><p class=\"uagb-timeline-desc-content\">Transmettez nous les codes re\u00e7us ou vos coupons d\u2019aide par mail ou au dojo.<\/p><div class=\"uagb-timeline__arrow\"><\/div><\/div><\/div><div class=\"uagb-timeline__date-new\"><\/div><\/article>\n\n\n\n<article class=\"wp-block-uagb-content-timeline-child uagb-timeline__field uagb-timeline-child-c46ede07 uagb-timeline__left\"><div class=\"uagb-timeline__marker out-view-uagb-timeline__icon\"><svg xmlns=\"https:\/\/www.w3.org\/2000\/svg\" viewBox=\"0 0 320 512\"><path d=\"M310.6 246.6l-127.1 128C176.4 380.9 168.2 384 160 384s-16.38-3.125-22.63-9.375l-127.1-128C.2244 237.5-2.516 223.7 2.438 211.8S19.07 192 32 192h255.1c12.94 0 24.62 7.781 29.58 19.75S319.8 237.5 310.6 246.6z\"><\/path><\/svg><\/div><div class=\"uagb-timeline__day-new uagb-timeline__day-left uagb-timeline__events-inner-new\"><div class=\"uagb-timeline__events-inner--content\"><h4 class=\"uagb-timeline__heading\">\u00c9tape 4<\/h4><p class=\"uagb-timeline-desc-content\">Nous vous fournissons un code de r\u00e9duction<\/p><div class=\"uagb-timeline__arrow\"><\/div><\/div><\/div><div class=\"uagb-timeline__date-new\"><\/div><\/article>\n\n\n\n<article class=\"wp-block-uagb-content-timeline-child uagb-timeline__field uagb-timeline-child-83f15b7e uagb-timeline__right\"><div class=\"uagb-timeline__marker out-view-uagb-timeline__icon\"><svg xmlns=\"https:\/\/www.w3.org\/2000\/svg\" viewBox=\"0 0 320 512\"><path d=\"M310.6 246.6l-127.1 128C176.4 380.9 168.2 384 160 384s-16.38-3.125-22.63-9.375l-127.1-128C.2244 237.5-2.516 223.7 2.438 211.8S19.07 192 32 192h255.1c12.94 0 24.62 7.781 29.58 19.75S319.8 237.5 310.6 246.6z\"><\/path><\/svg><\/div><div class=\"uagb-timeline__day-new uagb-timeline__day-right uagb-timeline__events-inner-new\"><div class=\"uagb-timeline__events-inner--content\"><h4 class=\"uagb-timeline__heading\">\u00c9tape 5<\/h4><p class=\"uagb-timeline-desc-content\">Finalisez votre inscription sur HelloAsso gr\u00e2ce au code de r\u00e9duction.<\/p><div class=\"uagb-timeline__arrow\"><\/div><\/div><\/div><div class=\"uagb-timeline__date-new\"><\/div><\/article>\n<div class=\"uagb-timeline__line\"><div class=\"uagb-timeline__line__inner\"><\/div><\/div><\/div>\n<\/div><\/div>\n\n\n\n<div data-aos= \"fade-up\" data-aos-duration=\"400\" data-aos-delay=\"0\" data-aos-easing=\"ease\" data-aos-once=\"true\" class=\"wp-block-uagb-container uagb-block-c2a4df81 alignfull uagb-is-root-container\"><div class=\"uagb-container-inner-blocks-wrap\">\n<div class=\"wp-block-uagb-info-box uagb-block-9bc2696c uagb-infobox__content-wrap  uagb-infobox-icon-above-title uagb-infobox-image-valign-top\"><div class=\"uagb-ifb-content\"><div class=\"uagb-ifb-title-wrap\"><span class=\"uagb-ifb-title-prefix\">Passer \u00e0 l\u2019action<\/span><h3 class=\"uagb-ifb-title\">3 s\u00e9ances d\u2019essai offertes<\/h3><\/div><p class=\"uagb-ifb-desc\">Venez d\u00e9couvrir nos activit\u00e9s avec 3 s\u00e9ances d\u2019essai offertes, sans engagement.<\/p><div class=\"uagb-ifb-button-wrapper wp-block-button\"><a href=\"https:\/\/www.budoclub-velizy.com\/budo-club\/\/essai-gratuit\/\" class=\"uagb-infobox-cta-link ast-outline-button\" target=\"_self\" rel=\"noopener noreferrer\" style=\"border-width:revert-layer\" onclick=\"return true;\"><span class=\"uagb-inline-editing\">Je r\u00e9serve mon essai<\/span><\/a><\/div><\/div><\/div>\n<\/div><\/div>\n","protected":false},"excerpt":{"rendered":"<p>Les bons plans jeunes Parce que pratiquer une activit\u00e9 sportive ne devrait jamais \u00eatre une question de budgeT Des aides cumulables Comment en b\u00e9n\u00e9ficier ?<\/p>\n","protected":false},"author":1,"featured_media":0,"parent":0,"menu_order":0,"comment_status":"closed","ping_status":"closed","template":"","meta":{"_uag_custom_page_level_css":"","advgb_blocks_editor_width":"","advgb_blocks_columns_visual_guide":"","site-sidebar-layout":"default","site-content-layout":"page-builder","ast-site-content-layout":"full-width-container","site-content-style":"unboxed","site-sidebar-style":"unboxed","ast-global-header-display":"","ast-banner-title-visibility":"","ast-main-header-display":"","ast-hfb-above-header-display":"","ast-hfb-below-header-display":"","ast-hfb-mobile-header-display":"","site-post-title":"disabled","ast-breadcrumbs-content":"","ast-featured-img":"","footer-sml-layout":"","ast-disable-related-posts":"","theme-transparent-header-meta":"enabled","adv-header-id-meta":"","stick-header-meta":"","header-above-stick-meta":"","header-main-stick-meta":"","header-below-stick-meta":"","astra-migrate-meta-layouts":"set","ast-page-background-enabled":"default","ast-page-background-meta":{"desktop":{"background-color":"var(--ast-global-color-4)","background-image":"","background-repeat":"repeat","background-position":"center center","background-size":"auto","background-attachment":"scroll","background-type":"","background-media":"","overlay-type":"","overlay-color":"","overlay-opacity":"","overlay-gradient":""},"tablet":{"background-color":"","background-image":"","background-repeat":"repeat","background-position":"center center","background-size":"auto","background-attachment":"scroll","background-type":"","background-media":"","overlay-type":"","overlay-color":"","overlay-opacity":"","overlay-gradient":""},"mobile":{"background-color":"","background-image":"","background-repeat":"repeat","background-position":"center center","background-size":"auto","background-attachment":"scroll","background-type":"","background-media":"","overlay-type":"","overlay-color":"","overlay-opacity":"","overlay-gradient":""}},"ast-content-background-meta":{"desktop":{"background-color":"var(--ast-global-color-5)","background-image":"","background-repeat":"repeat","background-position":"center center","background-size":"auto","background-attachment":"scroll","background-type":"","background-media":"","overlay-type":"","overlay-color":"","overlay-opacity":"","overlay-gradient":""},"tablet":{"background-color":"var(--ast-global-color-5)","background-image":"","background-repeat":"repeat","background-position":"center center","background-size":"auto","background-attachment":"scroll","background-type":"","background-media":"","overlay-type":"","overlay-color":"","overlay-opacity":"","overlay-gradient":""},"mobile":{"background-color":"var(--ast-global-color-5)","background-image":"","background-repeat":"repeat","background-position":"center center","background-size":"auto","background-attachment":"scroll","background-type":"","background-media":"","overlay-type":"","overlay-color":"","overlay-opacity":"","overlay-gradient":""}},"footnotes":""},"class_list":["post-2702","page","type-page","status-publish","hentry"],"yoast_head":"<!-- This site is optimized with the Yoast SEO plugin v27.3 - https:\/\/yoast.com\/product\/yoast-seo-wordpress\/ -->\n<title>Les bons plans jeunes - Budo-club V\u00e9lizy-Villacoublay<\/title>\n<meta name=\"robots\" content=\"index, follow, max-snippet:-1, max-image-preview:large, max-video-preview:-1\" \/>\n<link rel=\"canonical\" href=\"https:\/\/www.budoclub-velizy.com\/budo-club\/les-bons-plans-jeunes\/\" \/>\n<meta property=\"og:locale\" content=\"fr_FR\" \/>\n<meta property=\"og:type\" content=\"article\" \/>\n<meta property=\"og:title\" content=\"Les bons plans jeunes - Budo-club V\u00e9lizy-Villacoublay\" \/>\n<meta property=\"og:description\" content=\"Les bons plans jeunes Parce que pratiquer une activit\u00e9 sportive ne devrait jamais \u00eatre une question de budgeT Des aides cumulables Comment en b\u00e9n\u00e9ficier ?\" \/>\n<meta property=\"og:url\" content=\"https:\/\/www.budoclub-velizy.com\/budo-club\/les-bons-plans-jeunes\/\" \/>\n<meta property=\"og:site_name\" content=\"Budo-club V\u00e9lizy-Villacoublay\" \/>\n<meta property=\"article:modified_time\" content=\"2026-04-06T17:21:20+00:00\" \/>\n<meta name=\"twitter:card\" content=\"summary_large_image\" \/>\n<meta name=\"twitter:label1\" content=\"Dur\u00e9e de lecture estim\u00e9e\" \/>\n\t<meta name=\"twitter:data1\" content=\"2 minutes\" \/>\n<script type=\"application\/ld+json\" class=\"yoast-schema-graph\">{\"@context\":\"https:\\\/\\\/schema.org\",\"@graph\":[{\"@type\":\"WebPage\",\"@id\":\"https:\\\/\\\/www.budoclub-velizy.com\\\/budo-club\\\/les-bons-plans-jeunes\\\/\",\"url\":\"https:\\\/\\\/www.budoclub-velizy.com\\\/budo-club\\\/les-bons-plans-jeunes\\\/\",\"name\":\"Les bons plans jeunes - Budo-club V\u00e9lizy-Villacoublay\",\"isPartOf\":{\"@id\":\"https:\\\/\\\/www.budoclub-velizy.com\\\/budo-club\\\/#website\"},\"datePublished\":\"2026-04-06T17:01:42+00:00\",\"dateModified\":\"2026-04-06T17:21:20+00:00\",\"breadcrumb\":{\"@id\":\"https:\\\/\\\/www.budoclub-velizy.com\\\/budo-club\\\/les-bons-plans-jeunes\\\/#breadcrumb\"},\"inLanguage\":\"fr-FR\",\"potentialAction\":[{\"@type\":\"ReadAction\",\"target\":[\"https:\\\/\\\/www.budoclub-velizy.com\\\/budo-club\\\/les-bons-plans-jeunes\\\/\"]}]},{\"@type\":\"BreadcrumbList\",\"@id\":\"https:\\\/\\\/www.budoclub-velizy.com\\\/budo-club\\\/les-bons-plans-jeunes\\\/#breadcrumb\",\"itemListElement\":[{\"@type\":\"ListItem\",\"position\":1,\"name\":\"Accueil\",\"item\":\"https:\\\/\\\/www.budoclub-velizy.com\\\/budo-club\\\/\"},{\"@type\":\"ListItem\",\"position\":2,\"name\":\"Les bons plans jeunes\"}]},{\"@type\":\"WebSite\",\"@id\":\"https:\\\/\\\/www.budoclub-velizy.com\\\/budo-club\\\/#website\",\"url\":\"https:\\\/\\\/www.budoclub-velizy.com\\\/budo-club\\\/\",\"name\":\"Budo-club V\u00e9lizy-Villacoublay\",\"description\":\"\",\"potentialAction\":[{\"@type\":\"SearchAction\",\"target\":{\"@type\":\"EntryPoint\",\"urlTemplate\":\"https:\\\/\\\/www.budoclub-velizy.com\\\/budo-club\\\/?s={search_term_string}\"},\"query-input\":{\"@type\":\"PropertyValueSpecification\",\"valueRequired\":true,\"valueName\":\"search_term_string\"}}],\"inLanguage\":\"fr-FR\"}]}<\/script>\n<!-- \/ Yoast SEO plugin. -->","yoast_head_json":{"title":"Les bons plans jeunes - Budo-club V\u00e9lizy-Villacoublay","robots":{"index":"index","follow":"follow","max-snippet":"max-snippet:-1","max-image-preview":"max-image-preview:large","max-video-preview":"max-video-preview:-1"},"canonical":"https:\/\/www.budoclub-velizy.com\/budo-club\/les-bons-plans-jeunes\/","og_locale":"fr_FR","og_type":"article","og_title":"Les bons plans jeunes - Budo-club V\u00e9lizy-Villacoublay","og_description":"Les bons plans jeunes Parce que pratiquer une activit\u00e9 sportive ne devrait jamais \u00eatre une question de budgeT Des aides cumulables Comment en b\u00e9n\u00e9ficier ?","og_url":"https:\/\/www.budoclub-velizy.com\/budo-club\/les-bons-plans-jeunes\/","og_site_name":"Budo-club V\u00e9lizy-Villacoublay","article_modified_time":"2026-04-06T17:21:20+00:00","twitter_card":"summary_large_image","twitter_misc":{"Dur\u00e9e de lecture estim\u00e9e":"2 minutes"},"schema":{"@context":"https:\/\/schema.org","@graph":[{"@type":"WebPage","@id":"https:\/\/www.budoclub-velizy.com\/budo-club\/les-bons-plans-jeunes\/","url":"https:\/\/www.budoclub-velizy.com\/budo-club\/les-bons-plans-jeunes\/","name":"Les bons plans jeunes - Budo-club V\u00e9lizy-Villacoublay","isPartOf":{"@id":"https:\/\/www.budoclub-velizy.com\/budo-club\/#website"},"datePublished":"2026-04-06T17:01:42+00:00","dateModified":"2026-04-06T17:21:20+00:00","breadcrumb":{"@id":"https:\/\/www.budoclub-velizy.com\/budo-club\/les-bons-plans-jeunes\/#breadcrumb"},"inLanguage":"fr-FR","potentialAction":[{"@type":"ReadAction","target":["https:\/\/www.budoclub-velizy.com\/budo-club\/les-bons-plans-jeunes\/"]}]},{"@type":"BreadcrumbList","@id":"https:\/\/www.budoclub-velizy.com\/budo-club\/les-bons-plans-jeunes\/#breadcrumb","itemListElement":[{"@type":"ListItem","position":1,"name":"Accueil","item":"https:\/\/www.budoclub-velizy.com\/budo-club\/"},{"@type":"ListItem","position":2,"name":"Les bons plans jeunes"}]},{"@type":"WebSite","@id":"https:\/\/www.budoclub-velizy.com\/budo-club\/#website","url":"https:\/\/www.budoclub-velizy.com\/budo-club\/","name":"Budo-club V\u00e9lizy-Villacoublay","description":"","potentialAction":[{"@type":"SearchAction","target":{"@type":"EntryPoint","urlTemplate":"https:\/\/www.budoclub-velizy.com\/budo-club\/?s={search_term_string}"},"query-input":{"@type":"PropertyValueSpecification","valueRequired":true,"valueName":"search_term_string"}}],"inLanguage":"fr-FR"}]}},"uagb_featured_image_src":{"full":false,"thumbnail":false,"medium":false,"medium_large":false,"large":false,"1536x1536":false,"2048x2048":false},"uagb_author_info":{"display_name":"Budo","author_link":"https:\/\/www.budoclub-velizy.com\/budo-club\/author\/budo\/"},"uagb_comment_info":0,"uagb_excerpt":"Les bons plans jeunes Parce que pratiquer une activit\u00e9 sportive ne devrait jamais \u00eatre une question de budgeT Des aides cumulables Comment en b\u00e9n\u00e9ficier ?","coauthors":[],"author_meta":{"author_link":"https:\/\/www.budoclub-velizy.com\/budo-club\/author\/budo\/","display_name":"Budo"},"relative_dates":{"created":"Publi\u00e9 1 mois il y a","modified":"Mis \u00e0 jour 1 mois il y a"},"absolute_dates":{"created":"Publi\u00e9 le 6 avril 2026","modified":"Mise \u00e0 jour le 6 avril 2026"},"absolute_dates_time":{"created":"Publi\u00e9 le 6 avril 2026 17:01","modified":"Mise \u00e0 jour le 6 avril 2026 17:21"},"featured_img_caption":"","featured_img":false,"series_order":"","_links":{"self":[{"href":"https:\/\/www.budoclub-velizy.com\/budo-club\/wp-json\/wp\/v2\/pages\/2702","targetHints":{"allow":["GET"]}}],"collection":[{"href":"https:\/\/www.budoclub-velizy.com\/budo-club\/wp-json\/wp\/v2\/pages"}],"about":[{"href":"https:\/\/www.budoclub-velizy.com\/budo-club\/wp-json\/wp\/v2\/types\/page"}],"author":[{"embeddable":true,"href":"https:\/\/www.budoclub-velizy.com\/budo-club\/wp-json\/wp\/v2\/users\/1"}],"replies":[{"embeddable":true,"href":"https:\/\/www.budoclub-velizy.com\/budo-club\/wp-json\/wp\/v2\/comments?post=2702"}],"version-history":[{"count":2,"href":"https:\/\/www.budoclub-velizy.com\/budo-club\/wp-json\/wp\/v2\/pages\/2702\/revisions"}],"predecessor-version":[{"id":2713,"href":"https:\/\/www.budoclub-velizy.com\/budo-club\/wp-json\/wp\/v2\/pages\/2702\/revisions\/2713"}],"wp:attachment":[{"href":"https:\/\/www.budoclub-velizy.com\/budo-club\/wp-json\/wp\/v2\/media?parent=2702"}],"curies":[{"name":"wp","href":"https:\/\/api.w.org\/{rel}","templated":true}]}}