{"id":2601,"date":"2026-04-06T10:42:41","date_gmt":"2026-04-06T10:42:41","guid":{"rendered":"https:\/\/www.budoclub-velizy.com\/budo2\/?page_id=2601"},"modified":"2026-04-06T17:02:47","modified_gmt":"2026-04-06T17:02:47","slug":"choix-de-paiement","status":"publish","type":"page","link":"https:\/\/www.budoclub-velizy.com\/budo-club\/choix-de-paiement\/","title":{"rendered":"choix de paiement"},"content":{"rendered":"\n<div class=\"wp-block-uagb-container uagb-block-e7941089 alignfull uagb-is-root-container\"><div class=\"uagb-container-inner-blocks-wrap\">\n<div data-aos= \"fade\" data-aos-duration=\"400\" data-aos-delay=\"0\" data-aos-easing=\"ease\" data-aos-once=\"true\" class=\"wp-block-uagb-advanced-heading uagb-block-4b550b04\"><h2 class=\"uagb-heading-text\">Rejoindre le club<\/h2><p class=\"uagb-desc-text\">Rejoignez-nous sur le tatami et commencez votre pratique d\u00e8s maintenant<\/p><\/div>\n<\/div><\/div>\n\n\n\n<div class=\"wp-block-uagb-container uagb-block-2a586d5a alignfull uagb-is-root-container\"><div class=\"uagb-container-inner-blocks-wrap\">\n<div class=\"wp-block-uagb-container uagb-block-3fd17090\">\n<div class=\"wp-block-uagb-container uagb-block-d3cd69f0\">\n<div class=\"wp-block-uagb-info-box uagb-block-3982dcbc uagb-infobox__content-wrap  uagb-infobox-icon-above-title uagb-infobox-image-valign-top\"><div class=\"uagb-ifb-content\"><div class=\"uagb-ifb-title-wrap\"><h3 class=\"uagb-ifb-title\">Vous \u00eates<\/h3><\/div><p class=\"uagb-ifb-desc\">\ud83d\udc49 Etudiant<br>\ud83d\udc49 Travailleur V\u00e9lizien<br>\ud83d\udc49 Vous effectuez un renouvellement<\/p><div class=\"uagb-ifb-button-wrapper wp-block-button\"><a href=\"https:\/\/www.helloasso.com\/associations\/budo-club-velizy\/adhesions\/inscription-2025-2026-bcvv-v\" class=\"uagb-infobox-cta-link ast-outline-button\" target=\"_blank\" rel=\"noopener noreferrer\" style=\"border-width:revert-layer\" onclick=\"return true;\"><span class=\"uagb-inline-editing\">Je m\u2019inscris<\/span><\/a><\/div><\/div><\/div>\n<\/div>\n\n\n\n<div class=\"wp-block-uagb-container uagb-block-53f53c57\">\n<div class=\"wp-block-uagb-info-box uagb-block-3550b2f4 uagb-infobox__content-wrap  uagb-infobox-icon-above-title uagb-infobox-image-valign-top\"><div class=\"uagb-ifb-content\"><div class=\"uagb-ifb-title-wrap\"><h3 class=\"uagb-ifb-title\">Vous n&#8217;\u00eates pas<\/h3><\/div><p class=\"uagb-ifb-desc\">\ud83d\udc49 Etudiant<br>\ud83d\udc49 Travailleur V\u00e9lizien<br>\ud83d\udc49 Vous ne renouvelez pas votre inscription<\/p><div class=\"uagb-ifb-button-wrapper wp-block-button\"><a href=\"https:\/\/www.helloasso.com\/associations\/budo-club-velizy\/adhesions\/inscription-2025-2026-bcvv-nv\" class=\"uagb-infobox-cta-link ast-outline-button\" target=\"_blank\" rel=\"noopener noreferrer\" style=\"border-width:revert-layer\" onclick=\"return true;\"><span class=\"uagb-inline-editing\">Je m\u2019inscris<\/span><\/a><\/div><\/div><\/div>\n<\/div>\n<\/div>\n\n\n\n<div class=\"wp-block-uagb-container uagb-block-30a1f32d\">\n<div class=\"wp-block-uagb-info-box uagb-block-a717634c uagb-infobox__content-wrap  uagb-infobox-icon-above-title uagb-infobox-image-valign-top\"><div class=\"uagb-ifb-content\"><div class=\"uagb-ifb-title-wrap\"><h3 class=\"uagb-ifb-title\">\u00cates-vous \u00e9ligible \u00e0 l\u2019un des bons plans suivants ?<\/h3><\/div><p class=\"uagb-ifb-desc\">\ud83d\udc49 Coupon associatif V\u00e9lizien<br>\ud83d\udc49 LABAZ (15\u201325 ans)<br>\ud83d\udc49 Pass Sport (6\u201330 ans)<br>\ud83d\udc49 Pass+ Yvelines<\/p><div class=\"uagb-ifb-button-wrapper wp-block-button\"><a href=\"https:\/\/www.budoclub-velizy.com\/budo-club\/\/les-bons-plans-jeunes\/\" class=\"uagb-infobox-cta-link ast-outline-button\" target=\"_blank\" rel=\"noopener noreferrer\" style=\"border-width:revert-layer\" onclick=\"return true;\"><span class=\"uagb-inline-editing\">En savoir plus<\/span><\/a><\/div><\/div><\/div>\n<\/div>\n\n\n\n<div class=\"wp-block-uagb-container uagb-block-b910d1b4\">\n<div class=\"wp-block-uagb-info-box uagb-block-d0286794 uagb-infobox__content-wrap  uagb-infobox-icon-above-title uagb-infobox-image-valign-top\"><div class=\"uagb-ifb-content\"><div class=\"uagb-ifb-title-wrap\"><h3 class=\"uagb-ifb-title\">Et si je souhaite r\u00e9gler en esp\u00e8ces ou en ch\u00e8que ?<\/h3><\/div><p class=\"uagb-ifb-desc\">Si vous souhaitez r\u00e9gler votre inscription en esp\u00e8ces ou par ch\u00e8que, merci de vous adresser directement aux membres du bureau lors de votre venue sur les lieux de pratique, aux horaires indiqu\u00e9s.<\/p><\/div><\/div>\n<\/div>\n<\/div><\/div>\n\n\n\n<div data-aos= \"fade-up\" data-aos-duration=\"400\" data-aos-delay=\"0\" data-aos-easing=\"ease\" data-aos-once=\"true\" class=\"wp-block-uagb-container uagb-block-c2a4df81 alignfull uagb-is-root-container\"><div class=\"uagb-container-inner-blocks-wrap\">\n<div class=\"wp-block-uagb-info-box uagb-block-9bc2696c uagb-infobox__content-wrap  uagb-infobox-icon-above-title uagb-infobox-image-valign-top\"><div class=\"uagb-ifb-content\"><div class=\"uagb-ifb-title-wrap\"><span class=\"uagb-ifb-title-prefix\">Passer \u00e0 l\u2019action<\/span><h3 class=\"uagb-ifb-title\">3 s\u00e9ances d\u2019essai offertes<\/h3><\/div><p class=\"uagb-ifb-desc\">Venez d\u00e9couvrir nos activit\u00e9s avec 3 s\u00e9ances d\u2019essai offertes, sans engagement.<\/p><div class=\"uagb-ifb-button-wrapper wp-block-button\"><a href=\"https:\/\/www.budoclub-velizy.com\/budo-club\/\/essai-gratuit\/\" class=\"uagb-infobox-cta-link ast-outline-button\" target=\"_self\" rel=\"noopener noreferrer\" style=\"border-width:revert-layer\" onclick=\"return true;\"><span class=\"uagb-inline-editing\">Je r\u00e9serve mon essai<\/span><\/a><\/div><\/div><\/div>\n<\/div><\/div>\n","protected":false},"excerpt":{"rendered":"<p>Rejoindre le club Rejoignez-nous sur le tatami et commencez votre pratique d\u00e8s maintenant<\/p>\n","protected":false},"author":1,"featured_media":0,"parent":0,"menu_order":0,"comment_status":"closed","ping_status":"closed","template":"","meta":{"_uag_custom_page_level_css":"","advgb_blocks_editor_width":"","advgb_blocks_columns_visual_guide":"","site-sidebar-layout":"default","site-content-layout":"page-builder","ast-site-content-layout":"full-width-container","site-content-style":"unboxed","site-sidebar-style":"unboxed","ast-global-header-display":"","ast-banner-title-visibility":"","ast-main-header-display":"","ast-hfb-above-header-display":"","ast-hfb-below-header-display":"","ast-hfb-mobile-header-display":"","site-post-title":"disabled","ast-breadcrumbs-content":"","ast-featured-img":"","footer-sml-layout":"","ast-disable-related-posts":"","theme-transparent-header-meta":"enabled","adv-header-id-meta":"","stick-header-meta":"","header-above-stick-meta":"","header-main-stick-meta":"","header-below-stick-meta":"","astra-migrate-meta-layouts":"set","ast-page-background-enabled":"default","ast-page-background-meta":{"desktop":{"background-color":"var(--ast-global-color-4)","background-image":"","background-repeat":"repeat","background-position":"center center","background-size":"auto","background-attachment":"scroll","background-type":"","background-media":"","overlay-type":"","overlay-color":"","overlay-opacity":"","overlay-gradient":""},"tablet":{"background-color":"","background-image":"","background-repeat":"repeat","background-position":"center center","background-size":"auto","background-attachment":"scroll","background-type":"","background-media":"","overlay-type":"","overlay-color":"","overlay-opacity":"","overlay-gradient":""},"mobile":{"background-color":"","background-image":"","background-repeat":"repeat","background-position":"center center","background-size":"auto","background-attachment":"scroll","background-type":"","background-media":"","overlay-type":"","overlay-color":"","overlay-opacity":"","overlay-gradient":""}},"ast-content-background-meta":{"desktop":{"background-color":"var(--ast-global-color-5)","background-image":"","background-repeat":"repeat","background-position":"center center","background-size":"auto","background-attachment":"scroll","background-type":"","background-media":"","overlay-type":"","overlay-color":"","overlay-opacity":"","overlay-gradient":""},"tablet":{"background-color":"var(--ast-global-color-5)","background-image":"","background-repeat":"repeat","background-position":"center center","background-size":"auto","background-attachment":"scroll","background-type":"","background-media":"","overlay-type":"","overlay-color":"","overlay-opacity":"","overlay-gradient":""},"mobile":{"background-color":"var(--ast-global-color-5)","background-image":"","background-repeat":"repeat","background-position":"center center","background-size":"auto","background-attachment":"scroll","background-type":"","background-media":"","overlay-type":"","overlay-color":"","overlay-opacity":"","overlay-gradient":""}},"footnotes":""},"class_list":["post-2601","page","type-page","status-publish","hentry"],"yoast_head":"<!-- This site is optimized with the Yoast SEO plugin v27.3 - https:\/\/yoast.com\/product\/yoast-seo-wordpress\/ -->\n<title>choix de paiement - Budo-club V\u00e9lizy-Villacoublay<\/title>\n<meta name=\"robots\" content=\"index, follow, max-snippet:-1, max-image-preview:large, max-video-preview:-1\" \/>\n<link rel=\"canonical\" href=\"https:\/\/www.budoclub-velizy.com\/budo-club\/choix-de-paiement\/\" \/>\n<meta property=\"og:locale\" content=\"fr_FR\" \/>\n<meta property=\"og:type\" content=\"article\" \/>\n<meta property=\"og:title\" content=\"choix de paiement - Budo-club V\u00e9lizy-Villacoublay\" \/>\n<meta property=\"og:description\" content=\"Rejoindre le club Rejoignez-nous sur le tatami et commencez votre pratique d\u00e8s maintenant\" \/>\n<meta property=\"og:url\" content=\"https:\/\/www.budoclub-velizy.com\/budo-club\/choix-de-paiement\/\" \/>\n<meta property=\"og:site_name\" content=\"Budo-club V\u00e9lizy-Villacoublay\" \/>\n<meta property=\"article:modified_time\" content=\"2026-04-06T17:02:47+00:00\" \/>\n<meta name=\"twitter:card\" content=\"summary_large_image\" \/>\n<meta name=\"twitter:label1\" content=\"Dur\u00e9e de lecture estim\u00e9e\" \/>\n\t<meta name=\"twitter:data1\" content=\"2 minutes\" \/>\n<script type=\"application\/ld+json\" class=\"yoast-schema-graph\">{\"@context\":\"https:\\\/\\\/schema.org\",\"@graph\":[{\"@type\":\"WebPage\",\"@id\":\"https:\\\/\\\/www.budoclub-velizy.com\\\/budo-club\\\/choix-de-paiement\\\/\",\"url\":\"https:\\\/\\\/www.budoclub-velizy.com\\\/budo-club\\\/choix-de-paiement\\\/\",\"name\":\"choix de paiement - Budo-club V\u00e9lizy-Villacoublay\",\"isPartOf\":{\"@id\":\"https:\\\/\\\/www.budoclub-velizy.com\\\/budo-club\\\/#website\"},\"datePublished\":\"2026-04-06T10:42:41+00:00\",\"dateModified\":\"2026-04-06T17:02:47+00:00\",\"breadcrumb\":{\"@id\":\"https:\\\/\\\/www.budoclub-velizy.com\\\/budo-club\\\/choix-de-paiement\\\/#breadcrumb\"},\"inLanguage\":\"fr-FR\",\"potentialAction\":[{\"@type\":\"ReadAction\",\"target\":[\"https:\\\/\\\/www.budoclub-velizy.com\\\/budo-club\\\/choix-de-paiement\\\/\"]}]},{\"@type\":\"BreadcrumbList\",\"@id\":\"https:\\\/\\\/www.budoclub-velizy.com\\\/budo-club\\\/choix-de-paiement\\\/#breadcrumb\",\"itemListElement\":[{\"@type\":\"ListItem\",\"position\":1,\"name\":\"Accueil\",\"item\":\"https:\\\/\\\/www.budoclub-velizy.com\\\/budo-club\\\/\"},{\"@type\":\"ListItem\",\"position\":2,\"name\":\"choix de paiement\"}]},{\"@type\":\"WebSite\",\"@id\":\"https:\\\/\\\/www.budoclub-velizy.com\\\/budo-club\\\/#website\",\"url\":\"https:\\\/\\\/www.budoclub-velizy.com\\\/budo-club\\\/\",\"name\":\"Budo-club V\u00e9lizy-Villacoublay\",\"description\":\"\",\"potentialAction\":[{\"@type\":\"SearchAction\",\"target\":{\"@type\":\"EntryPoint\",\"urlTemplate\":\"https:\\\/\\\/www.budoclub-velizy.com\\\/budo-club\\\/?s={search_term_string}\"},\"query-input\":{\"@type\":\"PropertyValueSpecification\",\"valueRequired\":true,\"valueName\":\"search_term_string\"}}],\"inLanguage\":\"fr-FR\"}]}<\/script>\n<!-- \/ Yoast SEO plugin. -->","yoast_head_json":{"title":"choix de paiement - Budo-club V\u00e9lizy-Villacoublay","robots":{"index":"index","follow":"follow","max-snippet":"max-snippet:-1","max-image-preview":"max-image-preview:large","max-video-preview":"max-video-preview:-1"},"canonical":"https:\/\/www.budoclub-velizy.com\/budo-club\/choix-de-paiement\/","og_locale":"fr_FR","og_type":"article","og_title":"choix de paiement - Budo-club V\u00e9lizy-Villacoublay","og_description":"Rejoindre le club Rejoignez-nous sur le tatami et commencez votre pratique d\u00e8s maintenant","og_url":"https:\/\/www.budoclub-velizy.com\/budo-club\/choix-de-paiement\/","og_site_name":"Budo-club V\u00e9lizy-Villacoublay","article_modified_time":"2026-04-06T17:02:47+00:00","twitter_card":"summary_large_image","twitter_misc":{"Dur\u00e9e de lecture estim\u00e9e":"2 minutes"},"schema":{"@context":"https:\/\/schema.org","@graph":[{"@type":"WebPage","@id":"https:\/\/www.budoclub-velizy.com\/budo-club\/choix-de-paiement\/","url":"https:\/\/www.budoclub-velizy.com\/budo-club\/choix-de-paiement\/","name":"choix de paiement - Budo-club V\u00e9lizy-Villacoublay","isPartOf":{"@id":"https:\/\/www.budoclub-velizy.com\/budo-club\/#website"},"datePublished":"2026-04-06T10:42:41+00:00","dateModified":"2026-04-06T17:02:47+00:00","breadcrumb":{"@id":"https:\/\/www.budoclub-velizy.com\/budo-club\/choix-de-paiement\/#breadcrumb"},"inLanguage":"fr-FR","potentialAction":[{"@type":"ReadAction","target":["https:\/\/www.budoclub-velizy.com\/budo-club\/choix-de-paiement\/"]}]},{"@type":"BreadcrumbList","@id":"https:\/\/www.budoclub-velizy.com\/budo-club\/choix-de-paiement\/#breadcrumb","itemListElement":[{"@type":"ListItem","position":1,"name":"Accueil","item":"https:\/\/www.budoclub-velizy.com\/budo-club\/"},{"@type":"ListItem","position":2,"name":"choix de paiement"}]},{"@type":"WebSite","@id":"https:\/\/www.budoclub-velizy.com\/budo-club\/#website","url":"https:\/\/www.budoclub-velizy.com\/budo-club\/","name":"Budo-club V\u00e9lizy-Villacoublay","description":"","potentialAction":[{"@type":"SearchAction","target":{"@type":"EntryPoint","urlTemplate":"https:\/\/www.budoclub-velizy.com\/budo-club\/?s={search_term_string}"},"query-input":{"@type":"PropertyValueSpecification","valueRequired":true,"valueName":"search_term_string"}}],"inLanguage":"fr-FR"}]}},"uagb_featured_image_src":{"full":false,"thumbnail":false,"medium":false,"medium_large":false,"large":false,"1536x1536":false,"2048x2048":false},"uagb_author_info":{"display_name":"Budo","author_link":"https:\/\/www.budoclub-velizy.com\/budo-club\/author\/budo\/"},"uagb_comment_info":0,"uagb_excerpt":"Rejoindre le club Rejoignez-nous sur le tatami et commencez votre pratique d\u00e8s maintenant","coauthors":[],"author_meta":{"author_link":"https:\/\/www.budoclub-velizy.com\/budo-club\/author\/budo\/","display_name":"Budo"},"relative_dates":{"created":"Publi\u00e9 1 mois il y a","modified":"Mis \u00e0 jour 1 mois il y a"},"absolute_dates":{"created":"Publi\u00e9 le 6 avril 2026","modified":"Mise \u00e0 jour le 6 avril 2026"},"absolute_dates_time":{"created":"Publi\u00e9 le 6 avril 2026 10:42","modified":"Mise \u00e0 jour le 6 avril 2026 17:02"},"featured_img_caption":"","featured_img":false,"series_order":"","_links":{"self":[{"href":"https:\/\/www.budoclub-velizy.com\/budo-club\/wp-json\/wp\/v2\/pages\/2601","targetHints":{"allow":["GET"]}}],"collection":[{"href":"https:\/\/www.budoclub-velizy.com\/budo-club\/wp-json\/wp\/v2\/pages"}],"about":[{"href":"https:\/\/www.budoclub-velizy.com\/budo-club\/wp-json\/wp\/v2\/types\/page"}],"author":[{"embeddable":true,"href":"https:\/\/www.budoclub-velizy.com\/budo-club\/wp-json\/wp\/v2\/users\/1"}],"replies":[{"embeddable":true,"href":"https:\/\/www.budoclub-velizy.com\/budo-club\/wp-json\/wp\/v2\/comments?post=2601"}],"version-history":[{"count":2,"href":"https:\/\/www.budoclub-velizy.com\/budo-club\/wp-json\/wp\/v2\/pages\/2601\/revisions"}],"predecessor-version":[{"id":2704,"href":"https:\/\/www.budoclub-velizy.com\/budo-club\/wp-json\/wp\/v2\/pages\/2601\/revisions\/2704"}],"wp:attachment":[{"href":"https:\/\/www.budoclub-velizy.com\/budo-club\/wp-json\/wp\/v2\/media?parent=2601"}],"curies":[{"name":"wp","href":"https:\/\/api.w.org\/{rel}","templated":true}]}}